{"id":447,"date":"2016-09-28T14:00:00","date_gmt":"2016-09-28T14:00:00","guid":{"rendered":"http:\/\/www.tec-help.ch\/?page_id=447"},"modified":"2022-10-21T14:50:44","modified_gmt":"2022-10-21T12:50:44","slug":"tarifs-informatique","status":"publish","type":"page","link":"https:\/\/techelp.ch\/fr\/tarifs-informatique\/","title":{"rendered":"Tarifs"},"content":{"rendered":"<p>Information sur les prix Prix utilisateurs \u00e0 domicile (TVA incluse) R\u00e9paration sur site premi\u00e8re heure pour les particuliers 100.-&nbsp;CHF 1\/2 heure suppl\u00e9mentaire sur site pour les utilisateurs \u00e0 domicile 50.-&nbsp;CHF Prix pour les entreprises (TVA non comprise) R\u00e9pa <a href=\"https:\/\/techelp.ch\/fr\/tarifs-informatique\/\" title=\"Read more on Tarifs\" class=\"more-link\">read more<\/a><\/p>\n","protected":false},"excerpt":{"rendered":"<p>Information sur les prix Prix utilisateurs \u00e0 domicile (TVA incluse) R\u00e9paration sur site premi\u00e8re heure pour les particuliers 100.-&nbsp;CHF 1\/2 heure suppl\u00e9mentaire sur site pour les utilisateurs \u00e0 domicile 50.-&nbsp;CHF Prix pour les entreprises (TVA non comprise) R\u00e9pa read more<\/p>\n","protected":false},"author":1,"featured_media":1737,"parent":0,"menu_order":0,"comment_status":"closed","ping_status":"closed","template":"","meta":{"footnotes":""},"class_list":["post-447","page","type-page","status-publish","has-post-thumbnail","hentry","has-thumb"],"_links":{"self":[{"href":"https:\/\/techelp.ch\/fr\/wp-json\/wp\/v2\/pages\/447"}],"collection":[{"href":"https:\/\/techelp.ch\/fr\/wp-json\/wp\/v2\/pages"}],"about":[{"href":"https:\/\/techelp.ch\/fr\/wp-json\/wp\/v2\/types\/page"}],"author":[{"embeddable":true,"href":"https:\/\/techelp.ch\/fr\/wp-json\/wp\/v2\/users\/1"}],"replies":[{"embeddable":true,"href":"https:\/\/techelp.ch\/fr\/wp-json\/wp\/v2\/comments?post=447"}],"version-history":[{"count":7,"href":"https:\/\/techelp.ch\/fr\/wp-json\/wp\/v2\/pages\/447\/revisions"}],"predecessor-version":[{"id":4104,"href":"https:\/\/techelp.ch\/fr\/wp-json\/wp\/v2\/pages\/447\/revisions\/4104"}],"wp:featuredmedia":[{"embeddable":true,"href":"https:\/\/techelp.ch\/fr\/wp-json\/wp\/v2\/media\/1737"}],"wp:attachment":[{"href":"https:\/\/techelp.ch\/fr\/wp-json\/wp\/v2\/media?parent=447"}],"curies":[{"name":"wp","href":"https:\/\/api.w.org\/{rel}","templated":true}]}}