{"id":3943,"date":"2016-08-12T16:05:41","date_gmt":"2016-08-12T14:05:41","guid":{"rendered":"http:\/\/www.tec-help.ch?page_id=44"},"modified":"2024-05-03T12:24:06","modified_gmt":"2024-05-03T10:24:06","slug":"techelp-informatique-depannage-reparation-geneve","status":"publish","type":"page","link":"https:\/\/techelp.ch\/fr\/depannage-informatique-geneve-techelp-informatique-mac-pc-reparation-ordinateur-geneve\/techelp-informatique-depannage-reparation-geneve\/","title":{"rendered":"Assistance informatique \u00e0 Gen\u00e8ve"},"content":{"rendered":"<p>Qui sommes nous? TecHelP est une soci\u00e9t\u00e9 bas\u00e9e \u00e0 Gen\u00e8ve. Gr\u00e2ce \u00e0 TecHelP, vous b\u00e9n\u00e9ficierez de l&#8217;expertise d&#8217;une \u00e9quipe de techniciens en informatique qualifi\u00e9s et professionnels, qui se rendront chez vous ou sur votre lieu de travail. Pour r\u00e9soudre vos prob <a href=\"https:\/\/techelp.ch\/fr\/depannage-informatique-geneve-techelp-informatique-mac-pc-reparation-ordinateur-geneve\/techelp-informatique-depannage-reparation-geneve\/\" title=\"Read more on Assistance informatique \u00e0 Gen\u00e8ve\" class=\"more-link\">read more<\/a><\/p>\n","protected":false},"excerpt":{"rendered":"<p>Qui sommes nous? TecHelP est une soci\u00e9t\u00e9 bas\u00e9e \u00e0 Gen\u00e8ve. Gr\u00e2ce \u00e0 TecHelP, vous b\u00e9n\u00e9ficierez de l&#8217;expertise d&#8217;une \u00e9quipe de techniciens en informatique qualifi\u00e9s et professionnels, qui se rendront chez vous ou sur votre lieu de travail. Pour r\u00e9soudre vos prob read more<\/p>\n","protected":false},"author":1,"featured_media":1733,"parent":187,"menu_order":0,"comment_status":"closed","ping_status":"closed","template":"","meta":{"footnotes":""},"class_list":["post-3943","page","type-page","status-publish","has-post-thumbnail","hentry","has-thumb"],"_links":{"self":[{"href":"https:\/\/techelp.ch\/fr\/wp-json\/wp\/v2\/pages\/3943"}],"collection":[{"href":"https:\/\/techelp.ch\/fr\/wp-json\/wp\/v2\/pages"}],"about":[{"href":"https:\/\/techelp.ch\/fr\/wp-json\/wp\/v2\/types\/page"}],"author":[{"embeddable":true,"href":"https:\/\/techelp.ch\/fr\/wp-json\/wp\/v2\/users\/1"}],"replies":[{"embeddable":true,"href":"https:\/\/techelp.ch\/fr\/wp-json\/wp\/v2\/comments?post=3943"}],"version-history":[{"count":15,"href":"https:\/\/techelp.ch\/fr\/wp-json\/wp\/v2\/pages\/3943\/revisions"}],"predecessor-version":[{"id":4201,"href":"https:\/\/techelp.ch\/fr\/wp-json\/wp\/v2\/pages\/3943\/revisions\/4201"}],"up":[{"embeddable":true,"href":"https:\/\/techelp.ch\/fr\/wp-json\/wp\/v2\/pages\/187"}],"wp:featuredmedia":[{"embeddable":true,"href":"https:\/\/techelp.ch\/fr\/wp-json\/wp\/v2\/media\/1733"}],"wp:attachment":[{"href":"https:\/\/techelp.ch\/fr\/wp-json\/wp\/v2\/media?parent=3943"}],"curies":[{"name":"wp","href":"https:\/\/api.w.org\/{rel}","templated":true}]}}