{"id":3940,"date":"2016-08-12T16:05:01","date_gmt":"2016-08-12T16:05:01","guid":{"rendered":"http:\/\/www.tec-help.ch?page_id=42"},"modified":"2020-02-23T17:28:42","modified_gmt":"2020-02-23T16:28:42","slug":"contacts","status":"publish","type":"page","link":"https:\/\/techelp.ch\/fr\/contacts\/","title":{"rendered":"Contactez nous"},"content":{"rendered":"<p>Addresse:Rue des Cordiers 121207 Gen\u00e8ve T\u00e9l\u00e9phone: + 41 22 738 01 38 Notre email: info@techelp.ch Notre email support technique: support@techelp.ch Notre email emploi:\u00a0 jobs@techelp.ch Support online with skype:\u00a0 techelp_ge<\/p>\n","protected":false},"excerpt":{"rendered":"<p>Addresse:Rue des Cordiers 121207 Gen\u00e8ve T\u00e9l\u00e9phone: + 41 22 738 01 38 Notre email: info@techelp.ch Notre email support technique: support@techelp.ch Notre email emploi:\u00a0 jobs@techelp.ch Support online with skype:\u00a0 techelp_ge<\/p>\n","protected":false},"author":1,"featured_media":1735,"parent":0,"menu_order":0,"comment_status":"closed","ping_status":"closed","template":"","meta":{"footnotes":""},"class_list":["post-3940","page","type-page","status-publish","has-post-thumbnail","hentry","has-thumb"],"_links":{"self":[{"href":"https:\/\/techelp.ch\/fr\/wp-json\/wp\/v2\/pages\/3940"}],"collection":[{"href":"https:\/\/techelp.ch\/fr\/wp-json\/wp\/v2\/pages"}],"about":[{"href":"https:\/\/techelp.ch\/fr\/wp-json\/wp\/v2\/types\/page"}],"author":[{"embeddable":true,"href":"https:\/\/techelp.ch\/fr\/wp-json\/wp\/v2\/users\/1"}],"replies":[{"embeddable":true,"href":"https:\/\/techelp.ch\/fr\/wp-json\/wp\/v2\/comments?post=3940"}],"version-history":[{"count":13,"href":"https:\/\/techelp.ch\/fr\/wp-json\/wp\/v2\/pages\/3940\/revisions"}],"predecessor-version":[{"id":4130,"href":"https:\/\/techelp.ch\/fr\/wp-json\/wp\/v2\/pages\/3940\/revisions\/4130"}],"wp:featuredmedia":[{"embeddable":true,"href":"https:\/\/techelp.ch\/fr\/wp-json\/wp\/v2\/media\/1735"}],"wp:attachment":[{"href":"https:\/\/techelp.ch\/fr\/wp-json\/wp\/v2\/media?parent=3940"}],"curies":[{"name":"wp","href":"https:\/\/api.w.org\/{rel}","templated":true}]}}