{"id":187,"date":"2016-09-12T14:43:19","date_gmt":"2016-09-12T12:43:19","guid":{"rendered":"http:\/\/www.tec-help.ch?page_id=187"},"modified":"2024-05-03T12:35:30","modified_gmt":"2024-05-03T10:35:30","slug":"depannage-informatique-geneve-techelp-informatique-mac-pc-reparation-ordinateur-geneve","status":"publish","type":"page","link":"https:\/\/techelp.ch\/fr\/","title":{"rendered":"Depannage informatique Geneve &#8211; Reparation ordinateur Gen\u00e8ve"},"content":{"rendered":"<p>R\u00e9paration et Service Informatique \u00e0 Gen\u00e8ve &nbsp;<\/p>\n","protected":false},"excerpt":{"rendered":"<p>R\u00e9paration et Service Informatique \u00e0 Gen\u00e8ve &nbsp;<\/p>\n","protected":false},"author":1,"featured_media":1739,"parent":0,"menu_order":0,"comment_status":"closed","ping_status":"closed","template":"","meta":{"footnotes":""},"class_list":["post-187","page","type-page","status-publish","has-post-thumbnail","hentry","has-thumb"],"_links":{"self":[{"href":"https:\/\/techelp.ch\/fr\/wp-json\/wp\/v2\/pages\/187"}],"collection":[{"href":"https:\/\/techelp.ch\/fr\/wp-json\/wp\/v2\/pages"}],"about":[{"href":"https:\/\/techelp.ch\/fr\/wp-json\/wp\/v2\/types\/page"}],"author":[{"embeddable":true,"href":"https:\/\/techelp.ch\/fr\/wp-json\/wp\/v2\/users\/1"}],"replies":[{"embeddable":true,"href":"https:\/\/techelp.ch\/fr\/wp-json\/wp\/v2\/comments?post=187"}],"version-history":[{"count":16,"href":"https:\/\/techelp.ch\/fr\/wp-json\/wp\/v2\/pages\/187\/revisions"}],"predecessor-version":[{"id":4188,"href":"https:\/\/techelp.ch\/fr\/wp-json\/wp\/v2\/pages\/187\/revisions\/4188"}],"wp:featuredmedia":[{"embeddable":true,"href":"https:\/\/techelp.ch\/fr\/wp-json\/wp\/v2\/media\/1739"}],"wp:attachment":[{"href":"https:\/\/techelp.ch\/fr\/wp-json\/wp\/v2\/media?parent=187"}],"curies":[{"name":"wp","href":"https:\/\/api.w.org\/{rel}","templated":true}]}}